{"id":972,"date":"2025-07-15T12:57:23","date_gmt":"2025-07-15T12:57:23","guid":{"rendered":"https:\/\/crazy-booth.217-71-207-226.plesk.page\/?page_id=972"},"modified":"2025-07-15T13:03:02","modified_gmt":"2025-07-15T13:03:02","slug":"accesibilidad","status":"publish","type":"page","link":"https:\/\/crazy-booth.217-71-207-226.plesk.page\/?page_id=972","title":{"rendered":"ACCESIBILIDAD"},"content":{"rendered":"\t\t<div data-elementor-type=\"wp-page\" data-elementor-id=\"972\" class=\"elementor elementor-972\" data-elementor-post-type=\"page\">\n\t\t\t\t<div class=\"elementor-element elementor-element-06499cd e-flex e-con-boxed e-con e-parent\" data-id=\"06499cd\" data-element_type=\"container\">\n\t\t\t\t\t<div class=\"e-con-inner\">\n\t\t\t\t<div class=\"elementor-element elementor-element-9135fb2 elementor-widget elementor-widget-heading\" data-id=\"9135fb2\" data-element_type=\"widget\" data-widget_type=\"heading.default\">\n\t\t\t\t<div class=\"elementor-widget-container\">\n\t\t\t\t\t<h2 class=\"elementor-heading-title elementor-size-default\">ACCESIBILIDAD<\/h2>\t\t\t\t<\/div>\n\t\t\t\t<\/div>\n\t\t\t\t<div class=\"elementor-element elementor-element-27d73d6 elementor-widget elementor-widget-text-editor\" data-id=\"27d73d6\" data-element_type=\"widget\" data-widget_type=\"text-editor.default\">\n\t\t\t\t<div class=\"elementor-widget-container\">\n\t\t\t\t\t\t\t\t\t<p>Francisco Cerd\u00e1n Garc\u00eda se compromete en hacer accesible su sitio web de conformidad con el Real Decreto 1112\/2018, sobre accesibilidad de los sitios webs y aplicaciones para dispositivos m\u00f3viles del sector p\u00fablico.<\/p><p>La presente declaraci\u00f3n de accesibilidad se aplica al sitio web www.pacocerdan.es a fecha 30\/08\/2025<\/p><h3>Situaci\u00f3n de cumplimiento<\/h3><p>Este sitio web es parcialmente conforme con el RD 1112\/2018 debido a las excepciones y a la falta de conformidad de los aspectos que se indican en el siguiente punto.<\/p><h3>Contenido no accesible<\/h3><p>El contenido que se recoge a continuaci\u00f3n no es accesible por lo siguiente: Falta de conformidad con el RD 1112\/2018 Podr\u00edan existir documentos ofim\u00e1ticos en PDF y otros formatos publicados posteriormente al 20 de septiembre de 2018 que no cumplan en su totalidad los requisitos de accesibilidad. Se pueden solicitar los documentos completamente accesibles desde el formulario de contacto para formalizar quejas y consultas.<\/p><h3>Contenido adicional:<\/h3><p>En esta web se han adoptado una serie de medidas cuyo objetivo es mejorar la accesibilidad. Las ventajas que esto conlleva son, entre otras:<\/p><p>1. Facilitar el acceso de las personas independientemente de su condici\u00f3n f\u00edsica o de su entorno mediante un componente que permite ampliar y disminuir la fuente, invertir colores, controlar la separaci\u00f3n entre l\u00edneas, entre otras funciones disponibles en los navegadores.<\/p><p>2. Incluir contenidos claros y bien estructurados.<\/p><p>3. Mejorar la navegaci\u00f3n y la experiencia del usuario.<\/p>\t\t\t\t\t\t\t\t<\/div>\n\t\t\t\t<\/div>\n\t\t\t\t\t<\/div>\n\t\t\t\t<\/div>\n\t\t\t\t<\/div>\n\t\t","protected":false},"excerpt":{"rendered":"<p>ACCESIBILIDAD Francisco Cerd\u00e1n Garc\u00eda se compromete en hacer accesible su sitio web de conformidad con el Real Decreto 1112\/2018, sobre accesibilidad de los sitios webs y aplicaciones para dispositivos m\u00f3viles del sector p\u00fablico. La presente declaraci\u00f3n de accesibilidad se aplica al sitio web www.pacocerdan.es a fecha 30\/08\/2025 Situaci\u00f3n de cumplimiento Este sitio web es parcialmente [&hellip;]<\/p>\n","protected":false},"author":1,"featured_media":0,"parent":0,"menu_order":0,"comment_status":"closed","ping_status":"closed","template":"elementor_header_footer","meta":{"footnotes":""},"class_list":["post-972","page","type-page","status-publish","hentry"],"yoast_head":"<!-- This site is optimized with the Yoast SEO plugin v25.5 - https:\/\/yoast.com\/wordpress\/plugins\/seo\/ -->\n<title>ACCESIBILIDAD - Paco<\/title>\n<meta name=\"robots\" content=\"noindex, follow, max-snippet:-1, max-image-preview:large, max-video-preview:-1\" \/>\n<meta property=\"og:locale\" content=\"es_ES\" \/>\n<meta property=\"og:type\" content=\"article\" \/>\n<meta property=\"og:title\" content=\"ACCESIBILIDAD - Paco\" \/>\n<meta property=\"og:description\" content=\"ACCESIBILIDAD Francisco Cerd\u00e1n Garc\u00eda se compromete en hacer accesible su sitio web de conformidad con el Real Decreto 1112\/2018, sobre accesibilidad de los sitios webs y aplicaciones para dispositivos m\u00f3viles del sector p\u00fablico. La presente declaraci\u00f3n de accesibilidad se aplica al sitio web www.pacocerdan.es a fecha 30\/08\/2025 Situaci\u00f3n de cumplimiento Este sitio web es parcialmente [&hellip;]\" \/>\n<meta property=\"og:url\" content=\"https:\/\/crazy-booth.217-71-207-226.plesk.page\/?page_id=972\" \/>\n<meta property=\"og:site_name\" content=\"Paco\" \/>\n<meta property=\"article:modified_time\" content=\"2025-07-15T13:03:02+00:00\" \/>\n<meta name=\"twitter:card\" content=\"summary_large_image\" \/>\n<meta name=\"twitter:label1\" content=\"Tiempo de lectura\" \/>\n\t<meta name=\"twitter:data1\" content=\"2 minutos\" \/>\n<script type=\"application\/ld+json\" class=\"yoast-schema-graph\">{\"@context\":\"https:\/\/schema.org\",\"@graph\":[{\"@type\":\"WebPage\",\"@id\":\"https:\/\/crazy-booth.217-71-207-226.plesk.page\/?page_id=972\",\"url\":\"https:\/\/crazy-booth.217-71-207-226.plesk.page\/?page_id=972\",\"name\":\"ACCESIBILIDAD - Paco\",\"isPartOf\":{\"@id\":\"https:\/\/crazy-booth.217-71-207-226.plesk.page\/#website\"},\"datePublished\":\"2025-07-15T12:57:23+00:00\",\"dateModified\":\"2025-07-15T13:03:02+00:00\",\"breadcrumb\":{\"@id\":\"https:\/\/crazy-booth.217-71-207-226.plesk.page\/?page_id=972#breadcrumb\"},\"inLanguage\":\"es\",\"potentialAction\":[{\"@type\":\"ReadAction\",\"target\":[\"https:\/\/crazy-booth.217-71-207-226.plesk.page\/?page_id=972\"]}]},{\"@type\":\"BreadcrumbList\",\"@id\":\"https:\/\/crazy-booth.217-71-207-226.plesk.page\/?page_id=972#breadcrumb\",\"itemListElement\":[{\"@type\":\"ListItem\",\"position\":1,\"name\":\"Portada\",\"item\":\"https:\/\/crazy-booth.217-71-207-226.plesk.page\/\"},{\"@type\":\"ListItem\",\"position\":2,\"name\":\"ACCESIBILIDAD\"}]},{\"@type\":\"WebSite\",\"@id\":\"https:\/\/crazy-booth.217-71-207-226.plesk.page\/#website\",\"url\":\"https:\/\/crazy-booth.217-71-207-226.plesk.page\/\",\"name\":\"Paco\",\"description\":\"\",\"potentialAction\":[{\"@type\":\"SearchAction\",\"target\":{\"@type\":\"EntryPoint\",\"urlTemplate\":\"https:\/\/crazy-booth.217-71-207-226.plesk.page\/?s={search_term_string}\"},\"query-input\":{\"@type\":\"PropertyValueSpecification\",\"valueRequired\":true,\"valueName\":\"search_term_string\"}}],\"inLanguage\":\"es\"}]}<\/script>\n<!-- \/ Yoast SEO plugin. -->","yoast_head_json":{"title":"ACCESIBILIDAD - Paco","robots":{"index":"noindex","follow":"follow","max-snippet":"max-snippet:-1","max-image-preview":"max-image-preview:large","max-video-preview":"max-video-preview:-1"},"og_locale":"es_ES","og_type":"article","og_title":"ACCESIBILIDAD - Paco","og_description":"ACCESIBILIDAD Francisco Cerd\u00e1n Garc\u00eda se compromete en hacer accesible su sitio web de conformidad con el Real Decreto 1112\/2018, sobre accesibilidad de los sitios webs y aplicaciones para dispositivos m\u00f3viles del sector p\u00fablico. La presente declaraci\u00f3n de accesibilidad se aplica al sitio web www.pacocerdan.es a fecha 30\/08\/2025 Situaci\u00f3n de cumplimiento Este sitio web es parcialmente [&hellip;]","og_url":"https:\/\/crazy-booth.217-71-207-226.plesk.page\/?page_id=972","og_site_name":"Paco","article_modified_time":"2025-07-15T13:03:02+00:00","twitter_card":"summary_large_image","twitter_misc":{"Tiempo de lectura":"2 minutos"},"schema":{"@context":"https:\/\/schema.org","@graph":[{"@type":"WebPage","@id":"https:\/\/crazy-booth.217-71-207-226.plesk.page\/?page_id=972","url":"https:\/\/crazy-booth.217-71-207-226.plesk.page\/?page_id=972","name":"ACCESIBILIDAD - Paco","isPartOf":{"@id":"https:\/\/crazy-booth.217-71-207-226.plesk.page\/#website"},"datePublished":"2025-07-15T12:57:23+00:00","dateModified":"2025-07-15T13:03:02+00:00","breadcrumb":{"@id":"https:\/\/crazy-booth.217-71-207-226.plesk.page\/?page_id=972#breadcrumb"},"inLanguage":"es","potentialAction":[{"@type":"ReadAction","target":["https:\/\/crazy-booth.217-71-207-226.plesk.page\/?page_id=972"]}]},{"@type":"BreadcrumbList","@id":"https:\/\/crazy-booth.217-71-207-226.plesk.page\/?page_id=972#breadcrumb","itemListElement":[{"@type":"ListItem","position":1,"name":"Portada","item":"https:\/\/crazy-booth.217-71-207-226.plesk.page\/"},{"@type":"ListItem","position":2,"name":"ACCESIBILIDAD"}]},{"@type":"WebSite","@id":"https:\/\/crazy-booth.217-71-207-226.plesk.page\/#website","url":"https:\/\/crazy-booth.217-71-207-226.plesk.page\/","name":"Paco","description":"","potentialAction":[{"@type":"SearchAction","target":{"@type":"EntryPoint","urlTemplate":"https:\/\/crazy-booth.217-71-207-226.plesk.page\/?s={search_term_string}"},"query-input":{"@type":"PropertyValueSpecification","valueRequired":true,"valueName":"search_term_string"}}],"inLanguage":"es"}]}},"_links":{"self":[{"href":"https:\/\/crazy-booth.217-71-207-226.plesk.page\/index.php?rest_route=\/wp\/v2\/pages\/972","targetHints":{"allow":["GET"]}}],"collection":[{"href":"https:\/\/crazy-booth.217-71-207-226.plesk.page\/index.php?rest_route=\/wp\/v2\/pages"}],"about":[{"href":"https:\/\/crazy-booth.217-71-207-226.plesk.page\/index.php?rest_route=\/wp\/v2\/types\/page"}],"author":[{"embeddable":true,"href":"https:\/\/crazy-booth.217-71-207-226.plesk.page\/index.php?rest_route=\/wp\/v2\/users\/1"}],"replies":[{"embeddable":true,"href":"https:\/\/crazy-booth.217-71-207-226.plesk.page\/index.php?rest_route=%2Fwp%2Fv2%2Fcomments&post=972"}],"version-history":[{"count":13,"href":"https:\/\/crazy-booth.217-71-207-226.plesk.page\/index.php?rest_route=\/wp\/v2\/pages\/972\/revisions"}],"predecessor-version":[{"id":1012,"href":"https:\/\/crazy-booth.217-71-207-226.plesk.page\/index.php?rest_route=\/wp\/v2\/pages\/972\/revisions\/1012"}],"wp:attachment":[{"href":"https:\/\/crazy-booth.217-71-207-226.plesk.page\/index.php?rest_route=%2Fwp%2Fv2%2Fmedia&parent=972"}],"curies":[{"name":"wp","href":"https:\/\/api.w.org\/{rel}","templated":true}]}}