{"id":522,"date":"2025-07-11T08:01:19","date_gmt":"2025-07-11T08:01:19","guid":{"rendered":"https:\/\/crazy-booth.217-71-207-226.plesk.page\/?page_id=522"},"modified":"2025-08-20T13:02:57","modified_gmt":"2025-08-20T13:02:57","slug":"fotografia","status":"publish","type":"page","link":"https:\/\/crazy-booth.217-71-207-226.plesk.page\/?page_id=522","title":{"rendered":"Fotograf\u00eda"},"content":{"rendered":"\t\t<div data-elementor-type=\"wp-page\" data-elementor-id=\"522\" class=\"elementor elementor-522\" data-elementor-post-type=\"page\">\n\t\t\t\t<div class=\"elementor-element elementor-element-24e4168 e-flex e-con-boxed e-con e-parent\" data-id=\"24e4168\" data-element_type=\"container\" data-settings=\"{&quot;background_background&quot;:&quot;classic&quot;}\">\n\t\t\t\t\t<div class=\"e-con-inner\">\n\t\t\t\t\t<\/div>\n\t\t\t\t<\/div>\n\t\t<div class=\"elementor-element elementor-element-dd33609 e-flex e-con-boxed e-con e-parent\" data-id=\"dd33609\" data-element_type=\"container\">\n\t\t\t\t\t<div class=\"e-con-inner\">\n\t\t\t\t<div class=\"elementor-element elementor-element-b15664f elementor-headline--style-rotate elementor-widget__width-initial elementor-widget elementor-widget-animated-headline\" data-id=\"b15664f\" data-element_type=\"widget\" data-settings=\"{&quot;headline_style&quot;:&quot;rotate&quot;,&quot;rotating_text&quot;:&quot;Fotograf\\u00edas \\nFotograf\\u00edas &quot;,&quot;rotate_iteration_delay&quot;:1000,&quot;animation_type&quot;:&quot;typing&quot;}\" data-widget_type=\"animated-headline.default\">\n\t\t\t\t<div class=\"elementor-widget-container\">\n\t\t\t\t\t\t\t<h2 class=\"elementor-headline elementor-headline-animation-type-typing elementor-headline-letters\">\n\t\t\t\t<span class=\"elementor-headline-dynamic-wrapper elementor-headline-text-wrapper\">\n\t\t\t\t\t<span class=\"elementor-headline-dynamic-text elementor-headline-text-active\">\n\t\t\t\tFotograf\u00edas&nbsp;\t\t\t<\/span>\n\t\t\t\t\t<span class=\"elementor-headline-dynamic-text\">\n\t\t\t\tFotograf\u00edas&nbsp;\t\t\t<\/span>\n\t\t\t\t\t\t<\/span>\n\t\t\t\t<\/h2>\n\t\t\t\t\t\t<\/div>\n\t\t\t\t<\/div>\n\t\t\t\t\t<\/div>\n\t\t\t\t<\/div>\n\t\t<div class=\"elementor-element elementor-element-f2a1903 e-flex e-con-boxed e-con e-parent\" data-id=\"f2a1903\" data-element_type=\"container\">\n\t\t\t\t\t<div class=\"e-con-inner\">\n\t\t\t\t<div class=\"elementor-element elementor-element-9040dac elementor-widget elementor-widget-gallery\" data-id=\"9040dac\" data-element_type=\"widget\" data-settings=\"{&quot;gallery_layout&quot;:&quot;justified&quot;,&quot;ideal_row_height&quot;:{&quot;unit&quot;:&quot;px&quot;,&quot;size&quot;:207,&quot;sizes&quot;:[]},&quot;gap&quot;:{&quot;unit&quot;:&quot;px&quot;,&quot;size&quot;:9,&quot;sizes&quot;:[]},&quot;lazyload&quot;:&quot;yes&quot;,&quot;ideal_row_height_tablet&quot;:{&quot;unit&quot;:&quot;px&quot;,&quot;size&quot;:150,&quot;sizes&quot;:[]},&quot;ideal_row_height_mobile&quot;:{&quot;unit&quot;:&quot;px&quot;,&quot;size&quot;:150,&quot;sizes&quot;:[]},&quot;gap_tablet&quot;:{&quot;unit&quot;:&quot;px&quot;,&quot;size&quot;:10,&quot;sizes&quot;:[]},&quot;gap_mobile&quot;:{&quot;unit&quot;:&quot;px&quot;,&quot;size&quot;:10,&quot;sizes&quot;:[]},&quot;link_to&quot;:&quot;file&quot;,&quot;overlay_background&quot;:&quot;yes&quot;,&quot;content_hover_animation&quot;:&quot;fade-in&quot;}\" data-widget_type=\"gallery.default\">\n\t\t\t\t<div class=\"elementor-widget-container\">\n\t\t\t\t\t\t\t<div class=\"elementor-gallery__container\">\n\t\t\t\t\t\t\t<a class=\"e-gallery-item elementor-gallery-item elementor-animated-content\" href=\"https:\/\/crazy-booth.217-71-207-226.plesk.page\/wp-content\/uploads\/2025\/08\/DSCF1935.jpg\" data-elementor-open-lightbox=\"yes\" data-elementor-lightbox-slideshow=\"9040dac\" data-e-action-hash=\"#elementor-action%3Aaction%3Dlightbox%26settings%3DeyJpZCI6MTM1OSwidXJsIjoiaHR0cHM6XC9cL2NyYXp5LWJvb3RoLjIxNy03MS0yMDctMjI2LnBsZXNrLnBhZ2VcL3dwLWNvbnRlbnRcL3VwbG9hZHNcLzIwMjVcLzA4XC9EU0NGMTkzNS5qcGciLCJzbGlkZXNob3ciOiI5MDQwZGFjIn0%3D\">\n\t\t\t\t\t<div class=\"e-gallery-image elementor-gallery-item__image\" data-thumbnail=\"https:\/\/crazy-booth.217-71-207-226.plesk.page\/wp-content\/uploads\/2025\/08\/DSCF1935-576x1024.jpg\" data-width=\"576\" data-height=\"1024\" aria-label=\"\" role=\"img\" ><\/div>\n\t\t\t\t\t\t\t\t\t\t\t<div class=\"elementor-gallery-item__overlay\"><\/div>\n\t\t\t\t\t\t\t\t\t\t\t\t\t\t<\/a>\n\t\t\t\t\t\t\t<a class=\"e-gallery-item elementor-gallery-item elementor-animated-content\" href=\"https:\/\/crazy-booth.217-71-207-226.plesk.page\/wp-content\/uploads\/2025\/08\/DSCF2323.jpg\" data-elementor-open-lightbox=\"yes\" data-elementor-lightbox-slideshow=\"9040dac\" data-e-action-hash=\"#elementor-action%3Aaction%3Dlightbox%26settings%3DeyJpZCI6MTM1OCwidXJsIjoiaHR0cHM6XC9cL2NyYXp5LWJvb3RoLjIxNy03MS0yMDctMjI2LnBsZXNrLnBhZ2VcL3dwLWNvbnRlbnRcL3VwbG9hZHNcLzIwMjVcLzA4XC9EU0NGMjMyMy5qcGciLCJzbGlkZXNob3ciOiI5MDQwZGFjIn0%3D\">\n\t\t\t\t\t<div class=\"e-gallery-image elementor-gallery-item__image\" data-thumbnail=\"https:\/\/crazy-booth.217-71-207-226.plesk.page\/wp-content\/uploads\/2025\/08\/DSCF2323-1024x576.jpg\" data-width=\"800\" data-height=\"450\" aria-label=\"\" role=\"img\" ><\/div>\n\t\t\t\t\t\t\t\t\t\t\t<div class=\"elementor-gallery-item__overlay\"><\/div>\n\t\t\t\t\t\t\t\t\t\t\t\t\t\t<\/a>\n\t\t\t\t\t\t\t<a class=\"e-gallery-item elementor-gallery-item elementor-animated-content\" href=\"https:\/\/crazy-booth.217-71-207-226.plesk.page\/wp-content\/uploads\/2025\/08\/a83e77d1-dfaf-4ed3-8370-5c58bc0a4fdb.jpeg\" data-elementor-open-lightbox=\"yes\" data-elementor-lightbox-slideshow=\"9040dac\" data-e-action-hash=\"#elementor-action%3Aaction%3Dlightbox%26settings%3DeyJpZCI6MTM1MiwidXJsIjoiaHR0cHM6XC9cL2NyYXp5LWJvb3RoLjIxNy03MS0yMDctMjI2LnBsZXNrLnBhZ2VcL3dwLWNvbnRlbnRcL3VwbG9hZHNcLzIwMjVcLzA4XC9hODNlNzdkMS1kZmFmLTRlZDMtODM3MC01YzU4YmMwYTRmZGIuanBlZyIsInNsaWRlc2hvdyI6IjkwNDBkYWMifQ%3D%3D\">\n\t\t\t\t\t<div class=\"e-gallery-image elementor-gallery-item__image\" data-thumbnail=\"https:\/\/crazy-booth.217-71-207-226.plesk.page\/wp-content\/uploads\/2025\/08\/a83e77d1-dfaf-4ed3-8370-5c58bc0a4fdb-1024x576.jpeg\" data-width=\"800\" data-height=\"450\" aria-label=\"\" role=\"img\" ><\/div>\n\t\t\t\t\t\t\t\t\t\t\t<div class=\"elementor-gallery-item__overlay\"><\/div>\n\t\t\t\t\t\t\t\t\t\t\t\t\t\t<\/a>\n\t\t\t\t\t\t\t<a class=\"e-gallery-item elementor-gallery-item elementor-animated-content\" href=\"https:\/\/crazy-booth.217-71-207-226.plesk.page\/wp-content\/uploads\/2025\/08\/7034a989-c6c4-4919-9792-e4b48582df4f.jpeg\" data-elementor-open-lightbox=\"yes\" data-elementor-lightbox-slideshow=\"9040dac\" data-e-action-hash=\"#elementor-action%3Aaction%3Dlightbox%26settings%3DeyJpZCI6MTM1MywidXJsIjoiaHR0cHM6XC9cL2NyYXp5LWJvb3RoLjIxNy03MS0yMDctMjI2LnBsZXNrLnBhZ2VcL3dwLWNvbnRlbnRcL3VwbG9hZHNcLzIwMjVcLzA4XC83MDM0YTk4OS1jNmM0LTQ5MTktOTc5Mi1lNGI0ODU4MmRmNGYuanBlZyIsInNsaWRlc2hvdyI6IjkwNDBkYWMifQ%3D%3D\">\n\t\t\t\t\t<div class=\"e-gallery-image elementor-gallery-item__image\" data-thumbnail=\"https:\/\/crazy-booth.217-71-207-226.plesk.page\/wp-content\/uploads\/2025\/08\/7034a989-c6c4-4919-9792-e4b48582df4f-1024x435.jpeg\" data-width=\"800\" data-height=\"340\" aria-label=\"\" role=\"img\" ><\/div>\n\t\t\t\t\t\t\t\t\t\t\t<div class=\"elementor-gallery-item__overlay\"><\/div>\n\t\t\t\t\t\t\t\t\t\t\t\t\t\t<\/a>\n\t\t\t\t\t<\/div>\n\t\t\t\t\t<\/div>\n\t\t\t\t<\/div>\n\t\t\t\t\t<\/div>\n\t\t\t\t<\/div>\n\t\t\t\t<\/div>\n\t\t","protected":false},"excerpt":{"rendered":"<p>Fotograf\u00edas&nbsp; Fotograf\u00edas&nbsp;<\/p>\n","protected":false},"author":1,"featured_media":0,"parent":0,"menu_order":0,"comment_status":"closed","ping_status":"closed","template":"","meta":{"footnotes":""},"class_list":["post-522","page","type-page","status-publish","hentry"],"yoast_head":"<!-- This site is optimized with the Yoast SEO plugin v25.5 - https:\/\/yoast.com\/wordpress\/plugins\/seo\/ -->\n<title>Fotograf\u00eda - Paco<\/title>\n<meta name=\"robots\" content=\"noindex, follow, max-snippet:-1, max-image-preview:large, max-video-preview:-1\" \/>\n<meta property=\"og:locale\" content=\"es_ES\" \/>\n<meta property=\"og:type\" content=\"article\" \/>\n<meta property=\"og:title\" content=\"Fotograf\u00eda - Paco\" \/>\n<meta property=\"og:description\" content=\"Fotograf\u00edas&nbsp; Fotograf\u00edas&nbsp;\" \/>\n<meta property=\"og:url\" content=\"https:\/\/crazy-booth.217-71-207-226.plesk.page\/?page_id=522\" \/>\n<meta property=\"og:site_name\" content=\"Paco\" \/>\n<meta property=\"article:modified_time\" content=\"2025-08-20T13:02:57+00:00\" \/>\n<meta name=\"twitter:card\" content=\"summary_large_image\" \/>\n<meta name=\"twitter:label1\" content=\"Tiempo de lectura\" \/>\n\t<meta name=\"twitter:data1\" content=\"1 minuto\" \/>\n<script type=\"application\/ld+json\" class=\"yoast-schema-graph\">{\"@context\":\"https:\/\/schema.org\",\"@graph\":[{\"@type\":\"WebPage\",\"@id\":\"https:\/\/crazy-booth.217-71-207-226.plesk.page\/?page_id=522\",\"url\":\"https:\/\/crazy-booth.217-71-207-226.plesk.page\/?page_id=522\",\"name\":\"Fotograf\u00eda - Paco\",\"isPartOf\":{\"@id\":\"https:\/\/crazy-booth.217-71-207-226.plesk.page\/#website\"},\"datePublished\":\"2025-07-11T08:01:19+00:00\",\"dateModified\":\"2025-08-20T13:02:57+00:00\",\"breadcrumb\":{\"@id\":\"https:\/\/crazy-booth.217-71-207-226.plesk.page\/?page_id=522#breadcrumb\"},\"inLanguage\":\"es\",\"potentialAction\":[{\"@type\":\"ReadAction\",\"target\":[\"https:\/\/crazy-booth.217-71-207-226.plesk.page\/?page_id=522\"]}]},{\"@type\":\"BreadcrumbList\",\"@id\":\"https:\/\/crazy-booth.217-71-207-226.plesk.page\/?page_id=522#breadcrumb\",\"itemListElement\":[{\"@type\":\"ListItem\",\"position\":1,\"name\":\"Portada\",\"item\":\"https:\/\/crazy-booth.217-71-207-226.plesk.page\/\"},{\"@type\":\"ListItem\",\"position\":2,\"name\":\"Fotograf\u00eda\"}]},{\"@type\":\"WebSite\",\"@id\":\"https:\/\/crazy-booth.217-71-207-226.plesk.page\/#website\",\"url\":\"https:\/\/crazy-booth.217-71-207-226.plesk.page\/\",\"name\":\"Paco\",\"description\":\"\",\"potentialAction\":[{\"@type\":\"SearchAction\",\"target\":{\"@type\":\"EntryPoint\",\"urlTemplate\":\"https:\/\/crazy-booth.217-71-207-226.plesk.page\/?s={search_term_string}\"},\"query-input\":{\"@type\":\"PropertyValueSpecification\",\"valueRequired\":true,\"valueName\":\"search_term_string\"}}],\"inLanguage\":\"es\"}]}<\/script>\n<!-- \/ Yoast SEO plugin. -->","yoast_head_json":{"title":"Fotograf\u00eda - Paco","robots":{"index":"noindex","follow":"follow","max-snippet":"max-snippet:-1","max-image-preview":"max-image-preview:large","max-video-preview":"max-video-preview:-1"},"og_locale":"es_ES","og_type":"article","og_title":"Fotograf\u00eda - Paco","og_description":"Fotograf\u00edas&nbsp; Fotograf\u00edas&nbsp;","og_url":"https:\/\/crazy-booth.217-71-207-226.plesk.page\/?page_id=522","og_site_name":"Paco","article_modified_time":"2025-08-20T13:02:57+00:00","twitter_card":"summary_large_image","twitter_misc":{"Tiempo de lectura":"1 minuto"},"schema":{"@context":"https:\/\/schema.org","@graph":[{"@type":"WebPage","@id":"https:\/\/crazy-booth.217-71-207-226.plesk.page\/?page_id=522","url":"https:\/\/crazy-booth.217-71-207-226.plesk.page\/?page_id=522","name":"Fotograf\u00eda - Paco","isPartOf":{"@id":"https:\/\/crazy-booth.217-71-207-226.plesk.page\/#website"},"datePublished":"2025-07-11T08:01:19+00:00","dateModified":"2025-08-20T13:02:57+00:00","breadcrumb":{"@id":"https:\/\/crazy-booth.217-71-207-226.plesk.page\/?page_id=522#breadcrumb"},"inLanguage":"es","potentialAction":[{"@type":"ReadAction","target":["https:\/\/crazy-booth.217-71-207-226.plesk.page\/?page_id=522"]}]},{"@type":"BreadcrumbList","@id":"https:\/\/crazy-booth.217-71-207-226.plesk.page\/?page_id=522#breadcrumb","itemListElement":[{"@type":"ListItem","position":1,"name":"Portada","item":"https:\/\/crazy-booth.217-71-207-226.plesk.page\/"},{"@type":"ListItem","position":2,"name":"Fotograf\u00eda"}]},{"@type":"WebSite","@id":"https:\/\/crazy-booth.217-71-207-226.plesk.page\/#website","url":"https:\/\/crazy-booth.217-71-207-226.plesk.page\/","name":"Paco","description":"","potentialAction":[{"@type":"SearchAction","target":{"@type":"EntryPoint","urlTemplate":"https:\/\/crazy-booth.217-71-207-226.plesk.page\/?s={search_term_string}"},"query-input":{"@type":"PropertyValueSpecification","valueRequired":true,"valueName":"search_term_string"}}],"inLanguage":"es"}]}},"_links":{"self":[{"href":"https:\/\/crazy-booth.217-71-207-226.plesk.page\/index.php?rest_route=\/wp\/v2\/pages\/522","targetHints":{"allow":["GET"]}}],"collection":[{"href":"https:\/\/crazy-booth.217-71-207-226.plesk.page\/index.php?rest_route=\/wp\/v2\/pages"}],"about":[{"href":"https:\/\/crazy-booth.217-71-207-226.plesk.page\/index.php?rest_route=\/wp\/v2\/types\/page"}],"author":[{"embeddable":true,"href":"https:\/\/crazy-booth.217-71-207-226.plesk.page\/index.php?rest_route=\/wp\/v2\/users\/1"}],"replies":[{"embeddable":true,"href":"https:\/\/crazy-booth.217-71-207-226.plesk.page\/index.php?rest_route=%2Fwp%2Fv2%2Fcomments&post=522"}],"version-history":[{"count":55,"href":"https:\/\/crazy-booth.217-71-207-226.plesk.page\/index.php?rest_route=\/wp\/v2\/pages\/522\/revisions"}],"predecessor-version":[{"id":1420,"href":"https:\/\/crazy-booth.217-71-207-226.plesk.page\/index.php?rest_route=\/wp\/v2\/pages\/522\/revisions\/1420"}],"wp:attachment":[{"href":"https:\/\/crazy-booth.217-71-207-226.plesk.page\/index.php?rest_route=%2Fwp%2Fv2%2Fmedia&parent=522"}],"curies":[{"name":"wp","href":"https:\/\/api.w.org\/{rel}","templated":true}]}}